{"id":397,"date":"2022-09-18T12:22:30","date_gmt":"2022-09-18T11:22:30","guid":{"rendered":"https:\/\/escaperoos.es\/blog\/?page_id=397"},"modified":"2024-08-28T14:31:44","modified_gmt":"2024-08-28T13:31:44","slug":"terminos-de-uso","status":"publish","type":"page","link":"https:\/\/escaperoos.es\/blog\/terminos-de-uso\/","title":{"rendered":"T\u00e9rminos de uso"},"content":{"rendered":"\n<p><\/p>\n\n\n\n<h3>I. QUIENES SOMOS<\/h3>\n\n\n\n<p class=\"has-medium-font-size\">Bajo las denominaci\u00f3n Escaperoos, el servicio que ofrecemos consiste en la b\u00fasqueda, la comparaci\u00f3n y la intermediaci\u00f3n de reservas de sala de escape o escape rooms.<br><br>Adem\u00e1s, ofrecemos la posibilidad de una reserva directa para determinadas salas. Escaperoos es independiente. No tenemos salas propias, no poseemos terceros proveedores (turoperadores ni otros proveedores de servicios) ni estamos sujetos al control econ\u00f3mico de ning\u00fan tercer proveedor.<\/p>\n\n\n\n<p><\/p>\n\n\n\n<h3>II. LAS CONDICIONES GENERALES DE USO ACTUALES<\/h3>\n\n\n\n<p class=\"has-medium-font-size\">Las condiciones generales de uso (\u00abCGU\u00bb) actuales junto con nuestra pol\u00edtica de protecci\u00f3n de datos regulan el uso de nuestros servicios, sitios web y aplicaci\u00f3n m\u00f3vil, y constituyen la base de la relaci\u00f3n de uso existente entre Escaperoos y el usuario. Se aplican con car\u00e1cter prioritario los acuerdos individuales entre el usuario y nosotros, p. ej., en el marco de una reserva. Se excluye la aplicaci\u00f3n de las condiciones generales comerciales del usuario.<\/p>\n\n\n\n<p class=\"has-medium-font-size\">Las presentes CGU se aplican exclusivamente a nuestros propios servicios, es decir, a la b\u00fasqueda de salas y a la intermediaci\u00f3n de los servicios de terceros. Adem\u00e1s, es posible que se apliquen condiciones adicionales a las plataformas de reserva de terceros a las que le redirijamos. Escaperoos no ejerce control alguno sobre las condiciones de dichos terceros proveedores.<\/p>\n\n\n\n<p><\/p>\n\n\n\n<h3><meta charset=\"utf-8\">III. OFERTA DE SERVICIOS DE ESCAPEROOS<\/h3>\n\n\n\n<p class=\"has-medium-font-size\">Nuestros servicios est\u00e1n dise\u00f1ados para proporcionarle la informaci\u00f3n que necesita para encontrar y reservar su pr\u00f3xima escape room de manera m\u00e1s sencilla y eficiente. Los servicios de la sala reales (p. ej., disfrute de la sesi\u00f3n de la partida en la sala) no son objeto de nuestro servicio, sino el contenido de un contrato celebrado por separado entre usted y el respectivo proveedor tercero. Escaperoos act\u00faa como intermediario entre el usuario y el proveedor tercero. Por lo tanto, no nos hacemos responsables de que el proveedor tercero proporcione el servicio ni de la forma en que lo haga.<\/p>\n\n\n\n<h3>IV. RESPONSABILIDAD LIMITADA DE ESCAPEROOS, TERCEROS PROVEEDORES<\/h3>\n\n\n\n<p class=\"has-medium-font-size\">Nos esforzamos por asegurar la exactitud de la informaci\u00f3n en nuestras p\u00e1ginas de ofertas. Para los datos sobre las salas y su disponibilidad, as\u00ed como sus precios, nos basamos en la informaci\u00f3n que nos proporcionan los respectivos terceros proveedores. No tenemos la capacidad de verificar completamente la exactitud y actualidad de la informaci\u00f3n que recopilamos y mostramos . Solo realizamos una comprobaci\u00f3n cuando es necesario. Por favor, compruebe usted mismo la informaci\u00f3n individual de la reserva.<\/p>\n\n\n\n<p class=\"has-medium-font-size\">No podemos dar a nuestros usuarios ninguna garant\u00eda ni seguridad en cuanto a la exactitud, integridad o actualidad de la informaci\u00f3n de la sala. Lo mismo se aplica a todo el resto de informaci\u00f3n que presentamos en nuestras p\u00e1ginas de ofertas y que es o ha sido puesta a nuestra disposici\u00f3n por terceros.<\/p>\n\n\n\n<p class=\"has-medium-font-size\">No participamos en la presentaci\u00f3n ni en la descripci\u00f3n de los servicios en p\u00e1ginas de terceros proveedores y, por lo tanto, no somos responsables del contenido de las ofertas de terceros proveedores ni de los contratos celebrados con ellos.<\/p>\n\n\n\n<p class=\"has-medium-font-size\">Al intermediar en ofertas de terceros proveedores, no asumimos la responsabilidad por la disponibilidad del servicio en el momento de la reserva (en las p\u00e1ginas del proveedor tercero) ni por la prestaci\u00f3n efectiva y sin defectos del servicio contratado con terceros proveedores. Ni nosotros ni nuestros socios ofrecemos afirmaciones o garant\u00edas en cuanto a la informaci\u00f3n, los productos, los servicios o el software contenidos o a los que se hace referencia en nuestras p\u00e1ginas de ofertas, incluyendo, entre otras, la idoneidad para un fin determinado, salvo que dichas afirmaciones o garant\u00edas se realizan expresamente de forma individual a nuestros usuarios. Cualquier derecho de garant\u00eda o reclamaci\u00f3n por da\u00f1os y perjuicios deber\u00e1 exigirse al respectivo proveedor.<\/p>\n\n\n\n<p class=\"has-medium-font-size\">No respondemos por alteraciones o da\u00f1os en la red de servicios de los que no seamos responsables. Siempre nos esforzamos por asegurar un funcionamiento t\u00e9cnico de nuestra oferta sin errores ni interrupciones. Sin embargo, no podemos asumir ninguna responsabilidad por la accesibilidad o facilidad de uso sin problemas, a tiempo y de forma ininterrumpida de nuestra oferta. Esto se aplica en particular a los retrasos e interrupciones t\u00e9cnicas, y a cualquier da\u00f1o que pueda derivarse de ello.<\/p>\n\n\n\n<p class=\"has-medium-font-size\">Nuestra oferta contiene enlaces a otros sitios web que no operamos ni controlamos nosotros mismos y de los que no somos responsables. No respaldamos el contenido de estos otros sitios web ni aceptamos ninguna responsabilidad por la legalidad o funcionalidad de dicho contenido. Tampoco asumiremos la responsabilidad por p\u00e9rdidas o da\u00f1os que puedan derivarse del uso de dichos sitios. Recomendamos que lea atentamente las respectivas condiciones generales de uso de los otros sitios web.<\/p>\n\n\n\n<p class=\"has-medium-font-size\">Nuestra responsabilidad por presunta falta de su parte seg\u00fan el punto V. no se ve afectada.<\/p>\n\n\n\n<h3>V. LIMITACI\u00d3N DE LA RESPONSABILIDAD<\/h3>\n\n\n\n<p class=\"has-medium-font-size\">Nuestra responsabilidad y la de nuestros empleados, representantes legales o agentes se limita al dolo y a la negligencia grave. Esta limitaci\u00f3n no se aplica a lesiones que afecten a la vida, la integridad f\u00edsica o la salud, a los incumplimientos de la garant\u00eda, a las reclamaciones derivadas de la Ley de responsabilidad del producto o a los incumplimientos de obligaciones contractuales esenciales, es decir, obligaciones que permitan la correcta ejecuci\u00f3n del contrato o de la finalidad de este, o en cuyo cumplimiento pueda confiar regularmente la otra parte contratante.<\/p>\n\n\n\n<p class=\"has-medium-font-size\">En caso de incumplimiento negligente leve de las obligaciones contractuales esenciales, solo seremos responsables de los da\u00f1os t\u00edpicos y previsibles.<\/p>\n\n\n\n<h3>VI. PROTECCI\u00d3N DE DATOS<\/h3>\n\n\n\n<p class=\"has-medium-font-size\">El tratamiento de sus datos durante el uso de nuestra oferta est\u00e1 sujeto a <a href=\"https:\/\/escaperoos.es\/blog\/politicas-privacidad\/\" target=\"_blank\" rel=\"noreferrer noopener\">nuestra pol\u00edtica de protecci\u00f3n de datos<\/a>. Al utilizar nuestros sitios web o aplicaciones m\u00f3viles, acepta el uso de su informaci\u00f3n de acuerdo con <a href=\"https:\/\/escaperoos.es\/blog\/politicas-privacidad\/\" target=\"_blank\" rel=\"noreferrer noopener\">nuestra pol\u00edtica de protecci\u00f3n de datos<\/a>.<br><\/p>\n\n\n\n<h3>VII. POLITICA DE MODIFICACIONES Y CANCELACIONES<\/h3>\n\n\n\n<p class=\"has-medium-font-size\">No se podr\u00e1 modificar la fecha de la reserva con menos de 48 horas de antelaci\u00f3n. En caso de cancelaci\u00f3n con menos de 72 horas se informa a los clientes consumidores que no se proceder\u00e1 a la devoluci\u00f3n del monto pagado en concepto de paga y se\u00f1al y, en caso de haber realizado el pago completo, tampoco se realizar\u00e1 ning\u00fan tipo de devoluci\u00f3n. Solo se aceptar\u00e1 una modificaci\u00f3n gratuita de la reserva y en caso de aceptaci\u00f3n por parte de la sala no se aceptar\u00e1n posteriores cancelaciones.<br><\/p>\n\n\n\n<h3><meta charset=\"utf-8\">VIII. TASA DE SERVICIO<\/h3>\n\n\n\n<p class=\"has-medium-font-size\">El montante de dinero en concepto de tasa de servicio no ser\u00e1 reembolsable en ning\u00fan caso.<\/p>\n","protected":false},"excerpt":{"rendered":"<p>I. QUIENES SOMOS Bajo las denominaci\u00f3n Escaperoos, el servicio que ofrecemos consiste en la b\u00fasqueda, la comparaci\u00f3n y la intermediaci\u00f3n de reservas de sala de escape o escape rooms. Adem\u00e1s, ofrecemos la posibilidad de una reserva directa para determinadas salas. Escaperoos es independiente. No tenemos salas propias, no poseemos terceros proveedores (turoperadores ni otros proveedores&hellip;<\/p>\n","protected":false},"author":1,"featured_media":0,"parent":0,"menu_order":0,"comment_status":"closed","ping_status":"closed","template":"","meta":[],"yoast_head":"<!-- This site is optimized with the Yoast SEO plugin v17.2.1 - https:\/\/yoast.com\/wordpress\/plugins\/seo\/ -->\n<title>T\u00e9rminos de uso - Blog Escaperoos<\/title>\n<meta name=\"robots\" content=\"noindex, nofollow\" \/>\n<meta property=\"og:locale\" content=\"es_ES\" \/>\n<meta property=\"og:type\" content=\"article\" \/>\n<meta property=\"og:title\" content=\"T\u00e9rminos de uso - Blog Escaperoos\" \/>\n<meta property=\"og:description\" content=\"I. QUIENES SOMOS Bajo las denominaci\u00f3n Escaperoos, el servicio que ofrecemos consiste en la b\u00fasqueda, la comparaci\u00f3n y la intermediaci\u00f3n de reservas de sala de escape o escape rooms. Adem\u00e1s, ofrecemos la posibilidad de una reserva directa para determinadas salas. Escaperoos es independiente. No tenemos salas propias, no poseemos terceros proveedores (turoperadores ni otros proveedores&hellip;\" \/>\n<meta property=\"og:url\" content=\"https:\/\/escaperoos.es\/blog\/terminos-de-uso\/\" \/>\n<meta property=\"og:site_name\" content=\"Blog Escaperoos\" \/>\n<meta property=\"article:modified_time\" content=\"2024-08-28T13:31:44+00:00\" \/>\n<meta name=\"twitter:card\" content=\"summary_large_image\" \/>\n<meta name=\"twitter:label1\" content=\"Tiempo de lectura\" \/>\n\t<meta name=\"twitter:data1\" content=\"5 minutos\" \/>\n<script type=\"application\/ld+json\" class=\"yoast-schema-graph\">{\"@context\":\"https:\/\/schema.org\",\"@graph\":[{\"@type\":\"WebSite\",\"@id\":\"https:\/\/escaperoos.es\/blog\/#website\",\"url\":\"https:\/\/escaperoos.es\/blog\/\",\"name\":\"Blog Escaperoos\",\"description\":\"El blog de escape rooms de Escaperoos\",\"potentialAction\":[{\"@type\":\"SearchAction\",\"target\":{\"@type\":\"EntryPoint\",\"urlTemplate\":\"https:\/\/escaperoos.es\/blog\/?s={search_term_string}\"},\"query-input\":\"required name=search_term_string\"}],\"inLanguage\":\"es\"},{\"@type\":\"WebPage\",\"@id\":\"https:\/\/escaperoos.es\/blog\/terminos-de-uso\/#webpage\",\"url\":\"https:\/\/escaperoos.es\/blog\/terminos-de-uso\/\",\"name\":\"T\\u00e9rminos de uso - Blog Escaperoos\",\"isPartOf\":{\"@id\":\"https:\/\/escaperoos.es\/blog\/#website\"},\"datePublished\":\"2022-09-18T11:22:30+00:00\",\"dateModified\":\"2024-08-28T13:31:44+00:00\",\"breadcrumb\":{\"@id\":\"https:\/\/escaperoos.es\/blog\/terminos-de-uso\/#breadcrumb\"},\"inLanguage\":\"es\",\"potentialAction\":[{\"@type\":\"ReadAction\",\"target\":[\"https:\/\/escaperoos.es\/blog\/terminos-de-uso\/\"]}]},{\"@type\":\"BreadcrumbList\",\"@id\":\"https:\/\/escaperoos.es\/blog\/terminos-de-uso\/#breadcrumb\",\"itemListElement\":[{\"@type\":\"ListItem\",\"position\":1,\"name\":\"Portada\",\"item\":\"https:\/\/escaperoos.es\/blog\/\"},{\"@type\":\"ListItem\",\"position\":2,\"name\":\"T\\u00e9rminos de uso\"}]}]}<\/script>\n<!-- \/ Yoast SEO plugin. -->","yoast_head_json":{"title":"T\u00e9rminos de uso - Blog Escaperoos","robots":{"index":"noindex","follow":"nofollow"},"og_locale":"es_ES","og_type":"article","og_title":"T\u00e9rminos de uso - Blog Escaperoos","og_description":"I. QUIENES SOMOS Bajo las denominaci\u00f3n Escaperoos, el servicio que ofrecemos consiste en la b\u00fasqueda, la comparaci\u00f3n y la intermediaci\u00f3n de reservas de sala de escape o escape rooms. Adem\u00e1s, ofrecemos la posibilidad de una reserva directa para determinadas salas. Escaperoos es independiente. No tenemos salas propias, no poseemos terceros proveedores (turoperadores ni otros proveedores&hellip;","og_url":"https:\/\/escaperoos.es\/blog\/terminos-de-uso\/","og_site_name":"Blog Escaperoos","article_modified_time":"2024-08-28T13:31:44+00:00","twitter_card":"summary_large_image","twitter_misc":{"Tiempo de lectura":"5 minutos"},"schema":{"@context":"https:\/\/schema.org","@graph":[{"@type":"WebSite","@id":"https:\/\/escaperoos.es\/blog\/#website","url":"https:\/\/escaperoos.es\/blog\/","name":"Blog Escaperoos","description":"El blog de escape rooms de Escaperoos","potentialAction":[{"@type":"SearchAction","target":{"@type":"EntryPoint","urlTemplate":"https:\/\/escaperoos.es\/blog\/?s={search_term_string}"},"query-input":"required name=search_term_string"}],"inLanguage":"es"},{"@type":"WebPage","@id":"https:\/\/escaperoos.es\/blog\/terminos-de-uso\/#webpage","url":"https:\/\/escaperoos.es\/blog\/terminos-de-uso\/","name":"T\u00e9rminos de uso - Blog Escaperoos","isPartOf":{"@id":"https:\/\/escaperoos.es\/blog\/#website"},"datePublished":"2022-09-18T11:22:30+00:00","dateModified":"2024-08-28T13:31:44+00:00","breadcrumb":{"@id":"https:\/\/escaperoos.es\/blog\/terminos-de-uso\/#breadcrumb"},"inLanguage":"es","potentialAction":[{"@type":"ReadAction","target":["https:\/\/escaperoos.es\/blog\/terminos-de-uso\/"]}]},{"@type":"BreadcrumbList","@id":"https:\/\/escaperoos.es\/blog\/terminos-de-uso\/#breadcrumb","itemListElement":[{"@type":"ListItem","position":1,"name":"Portada","item":"https:\/\/escaperoos.es\/blog\/"},{"@type":"ListItem","position":2,"name":"T\u00e9rminos de uso"}]}]}},"_links":{"self":[{"href":"https:\/\/escaperoos.es\/blog\/wp-json\/wp\/v2\/pages\/397"}],"collection":[{"href":"https:\/\/escaperoos.es\/blog\/wp-json\/wp\/v2\/pages"}],"about":[{"href":"https:\/\/escaperoos.es\/blog\/wp-json\/wp\/v2\/types\/page"}],"author":[{"embeddable":true,"href":"https:\/\/escaperoos.es\/blog\/wp-json\/wp\/v2\/users\/1"}],"replies":[{"embeddable":true,"href":"https:\/\/escaperoos.es\/blog\/wp-json\/wp\/v2\/comments?post=397"}],"version-history":[{"count":26,"href":"https:\/\/escaperoos.es\/blog\/wp-json\/wp\/v2\/pages\/397\/revisions"}],"predecessor-version":[{"id":660,"href":"https:\/\/escaperoos.es\/blog\/wp-json\/wp\/v2\/pages\/397\/revisions\/660"}],"wp:attachment":[{"href":"https:\/\/escaperoos.es\/blog\/wp-json\/wp\/v2\/media?parent=397"}],"curies":[{"name":"wp","href":"https:\/\/api.w.org\/{rel}","templated":true}]}}