{"id":310,"date":"2022-01-29T10:52:34","date_gmt":"2022-01-29T09:52:34","guid":{"rendered":"https:\/\/escaperoos.es\/blog\/?page_id=310"},"modified":"2023-07-26T15:01:41","modified_gmt":"2023-07-26T14:01:41","slug":"politicas-privacidad","status":"publish","type":"page","link":"https:\/\/escaperoos.es\/blog\/politicas-privacidad\/","title":{"rendered":"Politicas de privacidad"},"content":{"rendered":"\n<div id=\"ez-toc-container\" class=\"ez-toc-v2_0_53 counter-hierarchy ez-toc-counter ez-toc-container-direction\">\n<div class=\"ez-toc-title-container\">\n<p class=\"ez-toc-title \" >Tabla de Contenidos<\/p>\n<span class=\"ez-toc-title-toggle\"><a href=\"#\" class=\"ez-toc-pull-right ez-toc-btn ez-toc-btn-xs ez-toc-btn-default ez-toc-toggle\" aria-label=\"Toggle Table of Content\" role=\"button\"><label for=\"item-69fb426680f81\" ><span class=\"\"><span style=\"display:none;\">Toggle<\/span><span class=\"ez-toc-icon-toggle-span\"><svg style=\"fill: #999;color:#999\" xmlns=\"http:\/\/www.w3.org\/2000\/svg\" class=\"list-377408\" width=\"20px\" height=\"20px\" viewBox=\"0 0 24 24\" fill=\"none\"><path d=\"M6 6H4v2h2V6zm14 0H8v2h12V6zM4 11h2v2H4v-2zm16 0H8v2h12v-2zM4 16h2v2H4v-2zm16 0H8v2h12v-2z\" fill=\"currentColor\"><\/path><\/svg><svg style=\"fill: #999;color:#999\" class=\"arrow-unsorted-368013\" xmlns=\"http:\/\/www.w3.org\/2000\/svg\" width=\"10px\" height=\"10px\" viewBox=\"0 0 24 24\" version=\"1.2\" baseProfile=\"tiny\"><path d=\"M18.2 9.3l-6.2-6.3-6.2 6.3c-.2.2-.3.4-.3.7s.1.5.3.7c.2.2.4.3.7.3h11c.3 0 .5-.1.7-.3.2-.2.3-.5.3-.7s-.1-.5-.3-.7zM5.8 14.7l6.2 6.3 6.2-6.3c.2-.2.3-.5.3-.7s-.1-.5-.3-.7c-.2-.2-.4-.3-.7-.3h-11c-.3 0-.5.1-.7.3-.2.2-.3.5-.3.7s.1.5.3.7z\"\/><\/svg><\/span><\/span><\/label><input aria-label=\"Toggle\" aria-label=\"item-69fb426680f81\"  type=\"checkbox\" id=\"item-69fb426680f81\"><\/a><\/span><\/div>\n<nav><ul class='ez-toc-list ez-toc-list-level-1 ' ><li class='ez-toc-page-1 ez-toc-heading-level-1'><a class=\"ez-toc-link ez-toc-heading-1\" href=\"https:\/\/escaperoos.es\/blog\/politicas-privacidad\/#Politicas_de_privacidad\" title=\"Politicas de privacidad\">Politicas de privacidad<\/a><ul class='ez-toc-list-level-3'><li class='ez-toc-heading-level-3'><ul class='ez-toc-list-level-3'><li class='ez-toc-heading-level-3'><a class=\"ez-toc-link ez-toc-heading-2\" href=\"https:\/\/escaperoos.es\/blog\/politicas-privacidad\/#1_AVISO_LEGAL_IDENTIFICACION_Y_TITULARIDAD\" title=\"1. AVISO LEGAL: IDENTIFICACI\u00d3N Y TITULARIDAD\">1. AVISO LEGAL: IDENTIFICACI\u00d3N Y TITULARIDAD<\/a><\/li><li class='ez-toc-page-1 ez-toc-heading-level-3'><a class=\"ez-toc-link ez-toc-heading-3\" href=\"https:\/\/escaperoos.es\/blog\/politicas-privacidad\/#2_RESPONSABLE_DEL_TRATAMIENTO\" title=\"2. RESPONSABLE DEL TRATAMIENTO\">2. RESPONSABLE DEL TRATAMIENTO<\/a><\/li><li class='ez-toc-page-1 ez-toc-heading-level-3'><a class=\"ez-toc-link ez-toc-heading-4\" href=\"https:\/\/escaperoos.es\/blog\/politicas-privacidad\/#3_FINALIDADES_DEL_TRATAMIENTO_DE_SUS_DATOS\" title=\"3. FINALIDADES DEL TRATAMIENTO DE SUS DATOS\">3. FINALIDADES DEL TRATAMIENTO DE SUS DATOS<\/a><\/li><li class='ez-toc-page-1 ez-toc-heading-level-3'><a class=\"ez-toc-link ez-toc-heading-5\" href=\"https:\/\/escaperoos.es\/blog\/politicas-privacidad\/#4_COMPARTICION_DE_DATOS_CON_TERCEROS_EMPRESAS_DE_SALAS_DE_ESCAPE\" title=\"4. COMPARTICI\u00d3N DE DATOS CON TERCEROS (EMPRESAS DE SALAS DE ESCAPE)\">4. COMPARTICI\u00d3N DE DATOS CON TERCEROS (EMPRESAS DE SALAS DE ESCAPE)<\/a><\/li><li class='ez-toc-page-1 ez-toc-heading-level-3'><a class=\"ez-toc-link ez-toc-heading-6\" href=\"https:\/\/escaperoos.es\/blog\/politicas-privacidad\/#5_DERECHOS_DE_ACCESO_RECTIFICACION_SUPRESION_LIMITACION_DEL_TRATAMIENTO_OPOSICION_Y_PORTABILIDAD\" title=\"5. DERECHOS DE ACCESO, RECTIFICACI\u00d3N, SUPRESI\u00d3N, LIMITACI\u00d3N DEL TRATAMIENTO, OPOSICI\u00d3N Y PORTABILIDAD\">5. DERECHOS DE ACCESO, RECTIFICACI\u00d3N, SUPRESI\u00d3N, LIMITACI\u00d3N DEL TRATAMIENTO, OPOSICI\u00d3N Y PORTABILIDAD<\/a><\/li><li class='ez-toc-page-1 ez-toc-heading-level-3'><a class=\"ez-toc-link ez-toc-heading-7\" href=\"https:\/\/escaperoos.es\/blog\/politicas-privacidad\/#6_CONFIDENCIALIDAD_Y_MEDIDAS_DE_SEGURIDAD\" title=\"6. CONFIDENCIALIDAD Y MEDIDAS DE SEGURIDAD\">6. CONFIDENCIALIDAD Y MEDIDAS DE SEGURIDAD<\/a><\/li><li class='ez-toc-page-1 ez-toc-heading-level-3'><a class=\"ez-toc-link ez-toc-heading-8\" href=\"https:\/\/escaperoos.es\/blog\/politicas-privacidad\/#7_INFORMACION_SOBRE_COOKIES\" title=\"7. INFORMACI\u00d3N SOBRE COOKIES\">7. INFORMACI\u00d3N SOBRE COOKIES<\/a><\/li><li class='ez-toc-page-1 ez-toc-heading-level-3'><a class=\"ez-toc-link ez-toc-heading-9\" href=\"https:\/\/escaperoos.es\/blog\/politicas-privacidad\/#7_MODIFICACION_POLITICA_DE_PRIVACIDAD\" title=\"7. MODIFICACI\u00d3N POL\u00cdTICA DE PRIVACIDAD\">7. MODIFICACI\u00d3N POL\u00cdTICA DE PRIVACIDAD<\/a><\/li><\/ul><\/li><\/ul><\/li><\/ul><\/nav><\/div>\n<h1><span class=\"ez-toc-section\" id=\"Politicas_de_privacidad\"><\/span>Politicas de privacidad<span class=\"ez-toc-section-end\"><\/span><\/h1>\n\n\n\n<p><\/p>\n\n\n\n<h3><span class=\"ez-toc-section\" id=\"1_AVISO_LEGAL_IDENTIFICACION_Y_TITULARIDAD\"><\/span>1. AVISO LEGAL: IDENTIFICACI\u00d3N Y TITULARIDAD<span class=\"ez-toc-section-end\"><\/span><\/h3>\n\n\n\n<p>En cumplimiento del art\u00edculo 10 de la Ley 34\/2002, de 11 de julio, de Servicios de la Sociedad de la Informaci\u00f3n y Comercio Electr\u00f3nico, el Titular expone sus datos identificativos:<br><br>(i) Titular: Alex Garcia<br>(ii) Registro Mercantil: Escaperoos<br>(iii) DNI: 47272058C<br>(iv) Correo electr\u00f3nico: hola@escaperoos.es<br>(v) Sitio web: escaperoos.es<\/p>\n\n\n\n<h3><span class=\"ez-toc-section\" id=\"2_RESPONSABLE_DEL_TRATAMIENTO\"><\/span>2. RESPONSABLE DEL TRATAMIENTO<span class=\"ez-toc-section-end\"><\/span><\/h3>\n\n\n\n<p>En cumplimiento de Reglamento (UE) 2016\/679 del Parlamento Europeo y del Consejo de 27 de abril de 2016 relativo a la protecci\u00f3n de las personas f\u00edsicas en lo que respecta al tratamiento de datos personales y a la libre circulaci\u00f3n de estos datos y por el que se deroga la Directiva 95\/46\/CE (en adelante, el \u201cRGPD\u201d) le informamos que los datos que Vd. proporcione a trav\u00e9s de cualquier canal disponible en el sitio web escaperoos.es (en adelante, el \u201cSitio\u201d) formar\u00e1n parte de un fichero titularidad de Escaperoos (en adelante, \u201cEscaperoos\u201d), titular del citado Sitio, que tiene como finalidad informarle sobre los productos y servicios de Escaperoos. Escaperoos, como responsable del tratamiento de datos, informa que, al introducir sus datos a trav\u00e9s del formulario de nuestro Sitio y darle clic a la casilla de aceptaci\u00f3n de esta Pol\u00edtica de Privacidad, nos suministrar\u00e1 datos de car\u00e1cter personal que se tratar\u00e1n de forma automatizada y en cumplimiento con las disposiciones del RGPD. Al utilizar los servicios de Escaperoos o registrar una cuenta Vd.: (i) declara haber le\u00eddo y conocer la presente Pol\u00edtica de Privacidad; (ii) acepta las condiciones de este Aviso sobre privacidad; (iii) presta su consentimiento inequ\u00edvoco y expreso al tratamiento de sus datos personales de acuerdo a las finalidades y t\u00e9rminos aqu\u00ed expresados; y (iv) acepta que recopilemos, utilicemos, conservemos y protejamos sus datos personales conforme a lo expuesto en este Aviso.<\/p>\n\n\n\n<h3><span class=\"ez-toc-section\" id=\"3_FINALIDADES_DEL_TRATAMIENTO_DE_SUS_DATOS\"><\/span>3. FINALIDADES DEL TRATAMIENTO DE SUS DATOS<span class=\"ez-toc-section-end\"><\/span><\/h3>\n\n\n\n<p>El uso de los datos de car\u00e1cter personal se hace con la finalidad de entregar productos, ofrecer y prestar servicios, procesar pagos, ponernos en contacto con Vd., actualizar nuestros registros y realizar el mantenimiento de su cuenta, entre otros. Tambi\u00e9n hacemos uso de esta informaci\u00f3n para mejorar la plataforma y prevenir o detectar posibles fraudes o abusos en nuestro Sitio. El plazo de tratamiento de sus datos personales ser\u00e1 indefinido a no ser que Vd. solicite su supresi\u00f3n o limitaci\u00f3n del tratamiento. Si no desea que sus datos sean tratados con las finalidades indicadas puede enviar un email a la siguiente direcci\u00f3n info@escaperoos.es manifestando su negativa a dicho tratamiento.<\/p>\n\n\n\n<h3><span class=\"ez-toc-section\" id=\"4_COMPARTICION_DE_DATOS_CON_TERCEROS_EMPRESAS_DE_SALAS_DE_ESCAPE\"><\/span>4. COMPARTICI\u00d3N DE DATOS CON TERCEROS (EMPRESAS DE SALAS DE ESCAPE)<span class=\"ez-toc-section-end\"><\/span><\/h3>\n\n\n\n<p>Durante el proceso de reserva compartimos con la empresa final proveedora del servicio contratado los siguientes datos personales: nombre del cliente, email del cliente y tel\u00e9fono facilitado por parte del cliente. La comunicaci\u00f3n de estos datos con el tercero son necesarios para poder proveer un correcto servicio y el cliente acepta dicha comunicaci\u00f3n al realizar una reserva en nuestra plataforma.<\/p>\n\n\n\n<h3><span class=\"ez-toc-section\" id=\"5_DERECHOS_DE_ACCESO_RECTIFICACION_SUPRESION_LIMITACION_DEL_TRATAMIENTO_OPOSICION_Y_PORTABILIDAD\"><\/span>5. DERECHOS DE ACCESO, RECTIFICACI\u00d3N, SUPRESI\u00d3N, LIMITACI\u00d3N DEL TRATAMIENTO, OPOSICI\u00d3N Y PORTABILIDAD<span class=\"ez-toc-section-end\"><\/span><\/h3>\n\n\n\n<p>El usuario titular de los datos podr\u00e1 ejercitar en cualquier momento, siempre que se cumplan los requisitos legalmente establecidos, sus derechos de acceso, rectificaci\u00f3n, supresi\u00f3n, limitaci\u00f3n del tratamiento, oposici\u00f3n y portabilidad remitiendo un escrito a Escaperoos a la direcci\u00f3n de correo electr\u00f3nico info@escaperoos.es. En esta comunicaci\u00f3n, el titular est\u00e1 obligado a indicar y aportar sus datos identificativos, fotocopia del DNI o documentaci\u00f3n de an\u00e1loga naturaleza, as\u00ed como su direcci\u00f3n postal, tel\u00e9fono, persona de contacto y correo electr\u00f3nico, todo ello con la finalidad de verificar su identidad.<\/p>\n\n\n\n<h3><span class=\"ez-toc-section\" id=\"6_CONFIDENCIALIDAD_Y_MEDIDAS_DE_SEGURIDAD\"><\/span>6. CONFIDENCIALIDAD Y MEDIDAS DE SEGURIDAD<span class=\"ez-toc-section-end\"><\/span><\/h3>\n\n\n\n<p>Escaperoos garantiza la m\u00e1xima reserva y confidencialidad de las comunicaciones llevadas a cabo con el usuario, as\u00ed como el tratamiento debido y diligente de los datos de car\u00e1cter personal entregados. Escaperoos se compromete a implementar las medidas de seguridad de car\u00e1cter t\u00e9cnico y organizativo, de acuerdo al estado de la tecnolog\u00eda, tendentes a garantizar la seguridad de los datos de car\u00e1cter personal. Protegemos la informaci\u00f3n mediante medidas de seguridad t\u00e9cnicas y administrativas para reducir los riesgos de p\u00e9rdida, uso indebido, acceso no autorizado, divulgaci\u00f3n y modificaci\u00f3n. Si Vd. cree que su cuenta ha sido objeto de uso inadecuado, contacte con Escaperoos.<\/p>\n\n\n\n<h3><span class=\"ez-toc-section\" id=\"7_INFORMACION_SOBRE_COOKIES\"><\/span>7. INFORMACI\u00d3N SOBRE COOKIES<span class=\"ez-toc-section-end\"><\/span><\/h3>\n\n\n\n<p>Utilizamos cookies a fin de permitir a nuestros sistemas reconocer su dispositivo y poder prestarle nuestro servicio. V\u00e9ase el documento de Pol\u00edtica de Cookies para obtener m\u00e1s informaci\u00f3n.<\/p>\n\n\n\n<h3><span class=\"ez-toc-section\" id=\"7_MODIFICACION_POLITICA_DE_PRIVACIDAD\"><\/span>7. MODIFICACI\u00d3N POL\u00cdTICA DE PRIVACIDAD<span class=\"ez-toc-section-end\"><\/span><\/h3>\n\n\n\n<p>Este Aviso de Privacidad podr\u00e1 ser modificado para adaptarlo a las novedades legislativas o jurisprudenciales. Le recomendamos que visite el Sitio frecuentemente para consultar los cambios m\u00e1s recientes. A menos que se indique lo contrario, este Aviso de privacidad ser\u00e1 aplicable para toda la informaci\u00f3n que tratamos referente a Vd. y a su cuenta.<\/p>\n","protected":false},"excerpt":{"rendered":"<p>Politicas de privacidad 1. AVISO LEGAL: IDENTIFICACI\u00d3N Y TITULARIDAD En cumplimiento del art\u00edculo 10 de la Ley 34\/2002, de 11 de julio, de Servicios de la Sociedad de la Informaci\u00f3n y Comercio Electr\u00f3nico, el Titular expone sus datos identificativos: (i) Titular: Alex Garcia(ii) Registro Mercantil: Escaperoos(iii) DNI: 47272058C(iv) Correo electr\u00f3nico: hola@escaperoos.es(v) Sitio web: escaperoos.es 2.&hellip;<\/p>\n","protected":false},"author":1,"featured_media":0,"parent":0,"menu_order":0,"comment_status":"closed","ping_status":"closed","template":"","meta":[],"yoast_head":"<!-- This site is optimized with the Yoast SEO plugin v17.2.1 - https:\/\/yoast.com\/wordpress\/plugins\/seo\/ -->\n<title>Politicas de privacidad - Blog Escaperoos<\/title>\n<meta name=\"robots\" content=\"noindex, follow\" \/>\n<meta property=\"og:locale\" content=\"es_ES\" \/>\n<meta property=\"og:type\" content=\"article\" \/>\n<meta property=\"og:title\" content=\"Politicas de privacidad - Blog Escaperoos\" \/>\n<meta property=\"og:description\" content=\"Politicas de privacidad 1. AVISO LEGAL: IDENTIFICACI\u00d3N Y TITULARIDAD En cumplimiento del art\u00edculo 10 de la Ley 34\/2002, de 11 de julio, de Servicios de la Sociedad de la Informaci\u00f3n y Comercio Electr\u00f3nico, el Titular expone sus datos identificativos: (i) Titular: Alex Garcia(ii) Registro Mercantil: Escaperoos(iii) DNI: 47272058C(iv) Correo electr\u00f3nico: hola@escaperoos.es(v) Sitio web: escaperoos.es 2.&hellip;\" \/>\n<meta property=\"og:url\" content=\"https:\/\/escaperoos.es\/blog\/politicas-privacidad\/\" \/>\n<meta property=\"og:site_name\" content=\"Blog Escaperoos\" \/>\n<meta property=\"article:modified_time\" content=\"2023-07-26T14:01:41+00:00\" \/>\n<meta name=\"twitter:card\" content=\"summary_large_image\" \/>\n<meta name=\"twitter:label1\" content=\"Tiempo de lectura\" \/>\n\t<meta name=\"twitter:data1\" content=\"4 minutos\" \/>\n<script type=\"application\/ld+json\" class=\"yoast-schema-graph\">{\"@context\":\"https:\/\/schema.org\",\"@graph\":[{\"@type\":\"WebSite\",\"@id\":\"https:\/\/escaperoos.es\/blog\/#website\",\"url\":\"https:\/\/escaperoos.es\/blog\/\",\"name\":\"Blog Escaperoos\",\"description\":\"El blog de escape rooms de Escaperoos\",\"potentialAction\":[{\"@type\":\"SearchAction\",\"target\":{\"@type\":\"EntryPoint\",\"urlTemplate\":\"https:\/\/escaperoos.es\/blog\/?s={search_term_string}\"},\"query-input\":\"required name=search_term_string\"}],\"inLanguage\":\"es\"},{\"@type\":\"WebPage\",\"@id\":\"https:\/\/escaperoos.es\/blog\/politicas-privacidad\/#webpage\",\"url\":\"https:\/\/escaperoos.es\/blog\/politicas-privacidad\/\",\"name\":\"Politicas de privacidad - Blog Escaperoos\",\"isPartOf\":{\"@id\":\"https:\/\/escaperoos.es\/blog\/#website\"},\"datePublished\":\"2022-01-29T09:52:34+00:00\",\"dateModified\":\"2023-07-26T14:01:41+00:00\",\"breadcrumb\":{\"@id\":\"https:\/\/escaperoos.es\/blog\/politicas-privacidad\/#breadcrumb\"},\"inLanguage\":\"es\",\"potentialAction\":[{\"@type\":\"ReadAction\",\"target\":[\"https:\/\/escaperoos.es\/blog\/politicas-privacidad\/\"]}]},{\"@type\":\"BreadcrumbList\",\"@id\":\"https:\/\/escaperoos.es\/blog\/politicas-privacidad\/#breadcrumb\",\"itemListElement\":[{\"@type\":\"ListItem\",\"position\":1,\"name\":\"Portada\",\"item\":\"https:\/\/escaperoos.es\/blog\/\"},{\"@type\":\"ListItem\",\"position\":2,\"name\":\"Politicas de privacidad\"}]}]}<\/script>\n<!-- \/ Yoast SEO plugin. -->","yoast_head_json":{"title":"Politicas de privacidad - Blog Escaperoos","robots":{"index":"noindex","follow":"follow"},"og_locale":"es_ES","og_type":"article","og_title":"Politicas de privacidad - Blog Escaperoos","og_description":"Politicas de privacidad 1. AVISO LEGAL: IDENTIFICACI\u00d3N Y TITULARIDAD En cumplimiento del art\u00edculo 10 de la Ley 34\/2002, de 11 de julio, de Servicios de la Sociedad de la Informaci\u00f3n y Comercio Electr\u00f3nico, el Titular expone sus datos identificativos: (i) Titular: Alex Garcia(ii) Registro Mercantil: Escaperoos(iii) DNI: 47272058C(iv) Correo electr\u00f3nico: hola@escaperoos.es(v) Sitio web: escaperoos.es 2.&hellip;","og_url":"https:\/\/escaperoos.es\/blog\/politicas-privacidad\/","og_site_name":"Blog Escaperoos","article_modified_time":"2023-07-26T14:01:41+00:00","twitter_card":"summary_large_image","twitter_misc":{"Tiempo de lectura":"4 minutos"},"schema":{"@context":"https:\/\/schema.org","@graph":[{"@type":"WebSite","@id":"https:\/\/escaperoos.es\/blog\/#website","url":"https:\/\/escaperoos.es\/blog\/","name":"Blog Escaperoos","description":"El blog de escape rooms de Escaperoos","potentialAction":[{"@type":"SearchAction","target":{"@type":"EntryPoint","urlTemplate":"https:\/\/escaperoos.es\/blog\/?s={search_term_string}"},"query-input":"required name=search_term_string"}],"inLanguage":"es"},{"@type":"WebPage","@id":"https:\/\/escaperoos.es\/blog\/politicas-privacidad\/#webpage","url":"https:\/\/escaperoos.es\/blog\/politicas-privacidad\/","name":"Politicas de privacidad - Blog Escaperoos","isPartOf":{"@id":"https:\/\/escaperoos.es\/blog\/#website"},"datePublished":"2022-01-29T09:52:34+00:00","dateModified":"2023-07-26T14:01:41+00:00","breadcrumb":{"@id":"https:\/\/escaperoos.es\/blog\/politicas-privacidad\/#breadcrumb"},"inLanguage":"es","potentialAction":[{"@type":"ReadAction","target":["https:\/\/escaperoos.es\/blog\/politicas-privacidad\/"]}]},{"@type":"BreadcrumbList","@id":"https:\/\/escaperoos.es\/blog\/politicas-privacidad\/#breadcrumb","itemListElement":[{"@type":"ListItem","position":1,"name":"Portada","item":"https:\/\/escaperoos.es\/blog\/"},{"@type":"ListItem","position":2,"name":"Politicas de privacidad"}]}]}},"_links":{"self":[{"href":"https:\/\/escaperoos.es\/blog\/wp-json\/wp\/v2\/pages\/310"}],"collection":[{"href":"https:\/\/escaperoos.es\/blog\/wp-json\/wp\/v2\/pages"}],"about":[{"href":"https:\/\/escaperoos.es\/blog\/wp-json\/wp\/v2\/types\/page"}],"author":[{"embeddable":true,"href":"https:\/\/escaperoos.es\/blog\/wp-json\/wp\/v2\/users\/1"}],"replies":[{"embeddable":true,"href":"https:\/\/escaperoos.es\/blog\/wp-json\/wp\/v2\/comments?post=310"}],"version-history":[{"count":9,"href":"https:\/\/escaperoos.es\/blog\/wp-json\/wp\/v2\/pages\/310\/revisions"}],"predecessor-version":[{"id":512,"href":"https:\/\/escaperoos.es\/blog\/wp-json\/wp\/v2\/pages\/310\/revisions\/512"}],"wp:attachment":[{"href":"https:\/\/escaperoos.es\/blog\/wp-json\/wp\/v2\/media?parent=310"}],"curies":[{"name":"wp","href":"https:\/\/api.w.org\/{rel}","templated":true}]}}